{"id":794,"date":"2020-11-01T20:46:09","date_gmt":"2020-11-01T18:46:09","guid":{"rendered":"https:\/\/mamd.ro\/?page_id=794"},"modified":"2024-10-19T15:51:28","modified_gmt":"2024-10-19T13:51:28","slug":"recunoasteri","status":"publish","type":"page","link":"http:\/\/mamd.ro\/en\/recunoasteri\/","title":{"rendered":"Recunoasteri"},"content":{"rendered":"\t\t<div data-elementor-type=\"wp-page\" data-elementor-id=\"794\" class=\"elementor elementor-794\" data-elementor-post-type=\"page\">\n\t\t\t\t\t\t<section class=\"elementor-section elementor-top-section elementor-element elementor-element-bb45667 elementor-section-boxed elementor-section-height-default elementor-section-height-default\" data-id=\"bb45667\" data-element_type=\"section\" data-e-type=\"section\">\n\t\t\t\t\t\t<div class=\"elementor-container elementor-column-gap-default\">\n\t\t\t\t\t<div class=\"elementor-column elementor-col-100 elementor-top-column elementor-element elementor-element-567128a\" data-id=\"567128a\" data-element_type=\"column\" data-e-type=\"column\">\n\t\t\t<div class=\"elementor-widget-wrap elementor-element-populated\">\n\t\t\t\t\t\t<div class=\"elementor-element elementor-element-a01f8ce elementor-widget elementor-widget-spacer\" data-id=\"a01f8ce\" data-element_type=\"widget\" data-e-type=\"widget\" data-widget_type=\"spacer.default\">\n\t\t\t\t<div class=\"elementor-widget-container\">\n\t\t\t\t\t\t\t<div class=\"elementor-spacer\">\n\t\t\t<div class=\"elementor-spacer-inner\"><\/div>\n\t\t<\/div>\n\t\t\t\t\t\t<\/div>\n\t\t\t\t<\/div>\n\t\t\t\t\t<\/div>\n\t\t<\/div>\n\t\t\t\t\t<\/div>\n\t\t<\/section>\n\t\t\t\t<section class=\"elementor-section elementor-top-section elementor-element elementor-element-563401a elementor-section-full_width elementor-section-height-min-height elementor-section-items-stretch elementor-section-content-middle elementor-section-height-default\" data-id=\"563401a\" data-element_type=\"section\" data-e-type=\"section\">\n\t\t\t\t\t\t<div class=\"elementor-container elementor-column-gap-narrow\">\n\t\t\t\t\t<div class=\"elementor-column elementor-col-25 elementor-top-column elementor-element elementor-element-7fd377e\" data-id=\"7fd377e\" data-element_type=\"column\" data-e-type=\"column\">\n\t\t\t<div class=\"elementor-widget-wrap elementor-element-populated\">\n\t\t\t\t\t\t<div class=\"elementor-element elementor-element-8679459 elementor-widget elementor-widget-image\" data-id=\"8679459\" data-element_type=\"widget\" data-e-type=\"widget\" data-widget_type=\"image.default\">\n\t\t\t\t<div class=\"elementor-widget-container\">\n\t\t\t\t\t\t\t\t\t\t\t\t\t\t\t<img decoding=\"async\" src=\"https:\/\/mamd.ro\/wp-content\/uploads\/elementor\/thumbs\/PREMIUL-I-HUB-UAUIM-BUSINESS-phs9wniys21se85ilbxylgwszlohgtxxgvkw5lzjhk.png\" title=\"PREMIUL I HUB UAUIM BUSINESS\" alt=\"prezentare\" loading=\"lazy\" \/>\t\t\t\t\t\t\t\t\t\t\t\t\t\t\t<\/div>\n\t\t\t\t<\/div>\n\t\t\t\t<div class=\"elementor-element elementor-element-093f661 elementor-widget elementor-widget-image\" data-id=\"093f661\" data-element_type=\"widget\" data-e-type=\"widget\" data-widget_type=\"image.default\">\n\t\t\t\t<div class=\"elementor-widget-container\">\n\t\t\t\t\t\t\t\t\t\t\t\t\t\t\t<img decoding=\"async\" src=\"https:\/\/mamd.ro\/wp-content\/uploads\/elementor\/thumbs\/Untitled-1-Recovered-04-pha4mm2ef3mi69f3fj20w5ybof3wpsy9ddtp80f4vc.png\" title=\"Premiul II Raiffeisen Bank\" alt=\"prezentare\" loading=\"lazy\" \/>\t\t\t\t\t\t\t\t\t\t\t\t\t\t\t<\/div>\n\t\t\t\t<\/div>\n\t\t\t\t<div class=\"elementor-element elementor-element-f663b9b elementor-widget elementor-widget-image\" data-id=\"f663b9b\" data-element_type=\"widget\" data-e-type=\"widget\" data-widget_type=\"image.default\">\n\t\t\t\t<div class=\"elementor-widget-container\">\n\t\t\t\t\t\t\t\t\t\t\t\t\t\t\t<img decoding=\"async\" src=\"https:\/\/mamd.ro\/wp-content\/uploads\/elementor\/thumbs\/Recunoasteri_nominalizare-phaowynwovf36sjmp86c9v3w2fb1jce1sa3l7xiu7c.png\" title=\"Nominalizare Anuala de Arhitectura\" alt=\"prezentare\" loading=\"lazy\" \/>\t\t\t\t\t\t\t\t\t\t\t\t\t\t\t<\/div>\n\t\t\t\t<\/div>\n\t\t\t\t\t<\/div>\n\t\t<\/div>\n\t\t\t\t<div class=\"elementor-column elementor-col-25 elementor-top-column elementor-element elementor-element-355a41c\" data-id=\"355a41c\" data-element_type=\"column\" data-e-type=\"column\">\n\t\t\t<div class=\"elementor-widget-wrap elementor-element-populated\">\n\t\t\t\t\t\t<div class=\"elementor-element elementor-element-89f98b6 elementor-widget elementor-widget-image\" data-id=\"89f98b6\" data-element_type=\"widget\" data-e-type=\"widget\" data-widget_type=\"image.default\">\n\t\t\t\t<div class=\"elementor-widget-container\">\n\t\t\t\t\t\t\t\t\t\t\t\t\t\t\t<img decoding=\"async\" src=\"https:\/\/mamd.ro\/wp-content\/uploads\/elementor\/thumbs\/Untitled-1-Recovered_premiul-3-mic-mobilier-pha4nrfart74d3r0q0xlxviltdg24hig72j2c6pt9k.png\" title=\"Premiul III Mic Mobilier\" alt=\"prezentare\" loading=\"lazy\" \/>\t\t\t\t\t\t\t\t\t\t\t\t\t\t\t<\/div>\n\t\t\t\t<\/div>\n\t\t\t\t<div class=\"elementor-element elementor-element-ffa3d6c elementor-widget elementor-widget-image\" data-id=\"ffa3d6c\" data-element_type=\"widget\" data-e-type=\"widget\" data-widget_type=\"image.default\">\n\t\t\t\t<div class=\"elementor-widget-container\">\n\t\t\t\t\t\t\t\t\t\t\t\t\t\t\t<img decoding=\"async\" src=\"https:\/\/mamd.ro\/wp-content\/uploads\/elementor\/thumbs\/Recunoasteri_premiul-3-mic-mobilier-copy-phaou47hzxiu1aogbhw082ynbfc18c3b26znwrqr1k.png\" title=\"Mentiune Mic Mobilier\" alt=\"Mentiune Mic Mobilier\" loading=\"lazy\" \/>\t\t\t\t\t\t\t\t\t\t\t\t\t\t\t<\/div>\n\t\t\t\t<\/div>\n\t\t\t\t<div class=\"elementor-element elementor-element-7fd31f3 elementor-widget elementor-widget-image\" data-id=\"7fd31f3\" data-element_type=\"widget\" data-e-type=\"widget\" data-widget_type=\"image.default\">\n\t\t\t\t<div class=\"elementor-widget-container\">\n\t\t\t\t\t\t\t\t\t\t\t\t\t\t\t<img decoding=\"async\" src=\"https:\/\/mamd.ro\/wp-content\/uploads\/elementor\/thumbs\/Recunoasteri_Rural-phap0o4znchszf5r1tvd3xfcf515wd3xmmqjd80xns.png\" title=\"Premiul Sectiunii Anuala de Arhitectura\" alt=\"prezentare\" loading=\"lazy\" \/>\t\t\t\t\t\t\t\t\t\t\t\t\t\t\t<\/div>\n\t\t\t\t<\/div>\n\t\t\t\t\t<\/div>\n\t\t<\/div>\n\t\t\t\t<div class=\"elementor-column elementor-col-25 elementor-top-column elementor-element elementor-element-12517c7\" data-id=\"12517c7\" data-element_type=\"column\" data-e-type=\"column\">\n\t\t\t<div class=\"elementor-widget-wrap elementor-element-populated\">\n\t\t\t\t\t\t<div class=\"elementor-element elementor-element-8c0a10b elementor-widget elementor-widget-image\" data-id=\"8c0a10b\" data-element_type=\"widget\" data-e-type=\"widget\" data-widget_type=\"image.default\">\n\t\t\t\t<div class=\"elementor-widget-container\">\n\t\t\t\t\t\t\t\t\t\t\t\t\t\t\t<img decoding=\"async\" src=\"https:\/\/mamd.ro\/wp-content\/uploads\/elementor\/thumbs\/Untitled-1-Recovered-03-pha4ne9k44p3uka4uv8tyyu5hz8x4q27h9e9mb9boo.png\" title=\"Grant de finantare Romania StartUP Plus\" alt=\"prezentare\" loading=\"lazy\" \/>\t\t\t\t\t\t\t\t\t\t\t\t\t\t\t<\/div>\n\t\t\t\t<\/div>\n\t\t\t\t<div class=\"elementor-element elementor-element-f3e122b elementor-widget elementor-widget-image\" data-id=\"f3e122b\" data-element_type=\"widget\" data-e-type=\"widget\" data-widget_type=\"image.default\">\n\t\t\t\t<div class=\"elementor-widget-container\">\n\t\t\t\t\t\t\t\t\t\t\t\t\t\t\t<img decoding=\"async\" src=\"https:\/\/mamd.ro\/wp-content\/uploads\/elementor\/thumbs\/Recunoasteri_stonerex-phaoviys8zgbg8mq33tuyq5je8durzot967vtpnhpk.png\" title=\"Premiul II Stonerex\" alt=\"prezentare\" loading=\"lazy\" \/>\t\t\t\t\t\t\t\t\t\t\t\t\t\t\t<\/div>\n\t\t\t\t<\/div>\n\t\t\t\t<div class=\"elementor-element elementor-element-a686018 elementor-widget elementor-widget-image\" data-id=\"a686018\" data-element_type=\"widget\" data-e-type=\"widget\" data-widget_type=\"image.default\">\n\t\t\t\t<div class=\"elementor-widget-container\">\n\t\t\t\t\t\t\t\t\t\t\t\t\t\t\t<img decoding=\"async\" src=\"https:\/\/mamd.ro\/wp-content\/uploads\/elementor\/thumbs\/Recunoasteri_elledecoration-phap1eggyphu0i3is58x1qs91xffvw0f2904syxwtk.png\" title=\"Elle Decoration Romanian Design Award\" alt=\"prezentare\" loading=\"lazy\" \/>\t\t\t\t\t\t\t\t\t\t\t\t\t\t\t<\/div>\n\t\t\t\t<\/div>\n\t\t\t\t\t<\/div>\n\t\t<\/div>\n\t\t\t\t<div class=\"elementor-column elementor-col-25 elementor-top-column elementor-element elementor-element-dae060c\" data-id=\"dae060c\" data-element_type=\"column\" data-e-type=\"column\">\n\t\t\t<div class=\"elementor-widget-wrap elementor-element-populated\">\n\t\t\t\t\t\t<div class=\"elementor-element elementor-element-33f0eb3 elementor-widget elementor-widget-image\" data-id=\"33f0eb3\" data-element_type=\"widget\" data-e-type=\"widget\" data-widget_type=\"image.default\">\n\t\t\t\t<div class=\"elementor-widget-container\">\n\t\t\t\t\t\t\t\t\t\t\t\t\t\t\t<img decoding=\"async\" src=\"https:\/\/mamd.ro\/wp-content\/uploads\/elementor\/thumbs\/Untitled-1-Recovered-02-pha4n05z9m5t0eum575ffke8l76ex9i8fblzf5u8a0.png\" title=\"Premiul I Mobilizam Excelenta\" alt=\"prezentare\" loading=\"lazy\" \/>\t\t\t\t\t\t\t\t\t\t\t\t\t\t\t<\/div>\n\t\t\t\t<\/div>\n\t\t\t\t<div class=\"elementor-element elementor-element-48514ab elementor-widget elementor-widget-image\" data-id=\"48514ab\" data-element_type=\"widget\" data-e-type=\"widget\" data-widget_type=\"image.default\">\n\t\t\t\t<div class=\"elementor-widget-container\">\n\t\t\t\t\t\t\t\t\t\t\t\t\t\t\t<img decoding=\"async\" src=\"https:\/\/mamd.ro\/wp-content\/uploads\/elementor\/thumbs\/Recunoasteri_actiuni-civice-phaowjmhniui115h51ob5ywik9d646qce7ntji54yw.png\" title=\"Premiul sectiunii Anuala de Arhitectura\" alt=\"prezentare\" loading=\"lazy\" \/>\t\t\t\t\t\t\t\t\t\t\t\t\t\t\t<\/div>\n\t\t\t\t<\/div>\n\t\t\t\t<div class=\"elementor-element elementor-element-c5cd637 elementor-widget elementor-widget-image\" data-id=\"c5cd637\" data-element_type=\"widget\" data-e-type=\"widget\" data-widget_type=\"image.default\">\n\t\t\t\t<div class=\"elementor-widget-container\">\n\t\t\t\t\t\t\t\t\t\t\t\t\t\t\t<img decoding=\"async\" src=\"https:\/\/mamd.ro\/wp-content\/uploads\/elementor\/thumbs\/Recunoasteri_inspired-phap2jtdbf2g7cfg2n4i3gcj6vrlakklvxphx58l7s.png\" title=\"Finalist Inspired Architecture\" alt=\"prezentare\" loading=\"lazy\" \/>\t\t\t\t\t\t\t\t\t\t\t\t\t\t\t<\/div>\n\t\t\t\t<\/div>\n\t\t\t\t\t<\/div>\n\t\t<\/div>\n\t\t\t\t\t<\/div>\n\t\t<\/section>\n\t\t\t\t<section class=\"elementor-section elementor-top-section elementor-element elementor-element-fe23b79 elementor-section-boxed elementor-section-height-default elementor-section-height-default\" data-id=\"fe23b79\" data-element_type=\"section\" data-e-type=\"section\">\n\t\t\t\t\t\t<div class=\"elementor-container elementor-column-gap-default\">\n\t\t\t\t\t<div class=\"elementor-column elementor-col-100 elementor-top-column elementor-element elementor-element-eef6ce4\" data-id=\"eef6ce4\" data-element_type=\"column\" data-e-type=\"column\">\n\t\t\t<div class=\"elementor-widget-wrap elementor-element-populated\">\n\t\t\t\t\t\t<div class=\"elementor-element elementor-element-c94ffed elementor-widget elementor-widget-spacer\" data-id=\"c94ffed\" data-element_type=\"widget\" data-e-type=\"widget\" data-widget_type=\"spacer.default\">\n\t\t\t\t<div class=\"elementor-widget-container\">\n\t\t\t\t\t\t\t<div class=\"elementor-spacer\">\n\t\t\t<div class=\"elementor-spacer-inner\"><\/div>\n\t\t<\/div>\n\t\t\t\t\t\t<\/div>\n\t\t\t\t<\/div>\n\t\t\t\t\t<\/div>\n\t\t<\/div>\n\t\t\t\t\t<\/div>\n\t\t<\/section>\n\t\t\t\t<section class=\"elementor-section elementor-top-section elementor-element elementor-element-1630eba elementor-section-boxed elementor-section-height-default elementor-section-height-default\" data-id=\"1630eba\" data-element_type=\"section\" data-e-type=\"section\">\n\t\t\t\t\t\t<div class=\"elementor-container elementor-column-gap-default\">\n\t\t\t\t\t<div class=\"elementor-column elementor-col-100 elementor-top-column elementor-element elementor-element-c8cc14a\" data-id=\"c8cc14a\" data-element_type=\"column\" data-e-type=\"column\">\n\t\t\t<div class=\"elementor-widget-wrap elementor-element-populated\">\n\t\t\t\t\t\t<div class=\"elementor-element elementor-element-a54201b elementor-widget elementor-widget-spacer\" data-id=\"a54201b\" data-element_type=\"widget\" data-e-type=\"widget\" data-widget_type=\"spacer.default\">\n\t\t\t\t<div class=\"elementor-widget-container\">\n\t\t\t\t\t\t\t<div class=\"elementor-spacer\">\n\t\t\t<div class=\"elementor-spacer-inner\"><\/div>\n\t\t<\/div>\n\t\t\t\t\t\t<\/div>\n\t\t\t\t<\/div>\n\t\t\t\t<div class=\"elementor-element elementor-element-7038438 elementor-shape-circle elementor-grid-0 e-grid-align-center elementor-widget elementor-widget-social-icons\" data-id=\"7038438\" data-element_type=\"widget\" data-e-type=\"widget\" data-widget_type=\"social-icons.default\">\n\t\t\t\t<div class=\"elementor-widget-container\">\n\t\t\t\t\t\t\t<div class=\"elementor-social-icons-wrapper elementor-grid\" role=\"list\">\n\t\t\t\t\t\t\t<span class=\"elementor-grid-item\" role=\"listitem\">\n\t\t\t\t\t<a class=\"elementor-icon elementor-social-icon elementor-social-icon-facebook elementor-repeater-item-a6efcce\" href=\"https:\/\/www.facebook.com\/MyArchitectMyDesigner\/\" target=\"_blank\">\n\t\t\t\t\t\t<span class=\"elementor-screen-only\">Facebook<\/span>\n\t\t\t\t\t\t<i aria-hidden=\"true\" class=\"fab fa-facebook\"><\/i>\t\t\t\t\t<\/a>\n\t\t\t\t<\/span>\n\t\t\t\t\t\t\t<span class=\"elementor-grid-item\" role=\"listitem\">\n\t\t\t\t\t<a class=\"elementor-icon elementor-social-icon elementor-social-icon-mail-bulk elementor-repeater-item-0a6a781\" href=\"mailto:scrie@mamd.ro\" target=\"_blank\">\n\t\t\t\t\t\t<span class=\"elementor-screen-only\">Mail-bulk<\/span>\n\t\t\t\t\t\t<i aria-hidden=\"true\" class=\"fas fa-mail-bulk\"><\/i>\t\t\t\t\t<\/a>\n\t\t\t\t<\/span>\n\t\t\t\t\t\t\t<span class=\"elementor-grid-item\" role=\"listitem\">\n\t\t\t\t\t<a class=\"elementor-icon elementor-social-icon elementor-social-icon-instagram elementor-repeater-item-3228649\" href=\"https:\/\/www.instagram.com\/mamd.ro\/\" target=\"_blank\">\n\t\t\t\t\t\t<span class=\"elementor-screen-only\">Instagram<\/span>\n\t\t\t\t\t\t<i aria-hidden=\"true\" class=\"fab fa-instagram\"><\/i>\t\t\t\t\t<\/a>\n\t\t\t\t<\/span>\n\t\t\t\t\t<\/div>\n\t\t\t\t\t\t<\/div>\n\t\t\t\t<\/div>\n\t\t\t\t\t<\/div>\n\t\t<\/div>\n\t\t\t\t\t<\/div>\n\t\t<\/section>\n\t\t\t\t<section class=\"elementor-section elementor-top-section elementor-element elementor-element-1933237 elementor-section-boxed elementor-section-height-default elementor-section-height-default\" data-id=\"1933237\" data-element_type=\"section\" data-e-type=\"section\">\n\t\t\t\t\t\t<div class=\"elementor-container elementor-column-gap-default\">\n\t\t\t\t\t<div class=\"elementor-column elementor-col-100 elementor-top-column elementor-element elementor-element-8726281\" data-id=\"8726281\" data-element_type=\"column\" data-e-type=\"column\">\n\t\t\t<div class=\"elementor-widget-wrap elementor-element-populated\">\n\t\t\t\t\t\t<div class=\"elementor-element elementor-element-b4d52f8 elementor-widget elementor-widget-text-editor\" data-id=\"b4d52f8\" data-element_type=\"widget\" data-e-type=\"widget\" data-widget_type=\"text-editor.default\">\n\t\t\t\t<div class=\"elementor-widget-container\">\n\t\t\t\t\t\t\t\t\t<p style=\"text-align: center;\">MyArchitect MyDesigner pe scurt MaMd [m<u>e<\/u>&#8211;<u>a<\/u>-m<u>e<\/u>-d] este un start-up finan\u021bat din fonduri europene \u00een cadrul Rom\u00e2nia Start Up Plus prin proiectul Start-up@CENTRU (ID 105851) pentru a aduce consumatorilor servicii profesionale de design interior \u0219i conformare energetic\u0103 \u00een practica de arhitectur\u0103 prin standardul PassiveHouse Design.<\/p>\t\t\t\t\t\t\t\t<\/div>\n\t\t\t\t<\/div>\n\t\t\t\t\t<\/div>\n\t\t<\/div>\n\t\t\t\t\t<\/div>\n\t\t<\/section>\n\t\t\t\t<\/div>\n\t\t","protected":false},"excerpt":{"rendered":"<p>Facebook Mail-bulk Instagram MyArchitect MyDesigner pe scurt MaMd [me&#8211;a-me-d] este un start-up finan\u021bat din fonduri europene \u00een cadrul Rom\u00e2nia Start Up Plus prin proiectul Start-up@CENTRU (ID 105851) pentru a aduce consumatorilor servicii profesionale de design interior \u0219i conformare energetic\u0103 \u00een practica de arhitectur\u0103 prin standardul PassiveHouse Design.<\/p>\n","protected":false},"author":1,"featured_media":0,"parent":0,"menu_order":0,"comment_status":"closed","ping_status":"closed","template":"","meta":{"_monsterinsights_skip_tracking":false,"_monsterinsights_sitenote_active":false,"_monsterinsights_sitenote_note":"","_monsterinsights_sitenote_category":0,"footnotes":""},"class_list":["post-794","page","type-page","status-publish","hentry"],"yoast_head":"<!-- This site is optimized with the Yoast SEO plugin v27.4 - https:\/\/yoast.com\/product\/yoast-seo-wordpress\/ -->\n<title>MaMd - Recunoasteri<\/title>\n<meta name=\"description\" content=\"C\u0103ut\u0103m provoc\u0103ri, teme noi de design \u0219i arhitectur\u0103, particip\u00e2nd la concursuri na\u021bionale \u0219i interna\u021bionale.\" \/>\n<meta name=\"robots\" content=\"index, follow, max-snippet:-1, max-image-preview:large, max-video-preview:-1\" \/>\n<link rel=\"canonical\" href=\"https:\/\/mamd.ro\/en\/recunoasteri\/\" \/>\n<meta property=\"og:locale\" content=\"en_US\" \/>\n<meta property=\"og:type\" content=\"article\" \/>\n<meta property=\"og:title\" content=\"MaMd - Recunoasteri\" \/>\n<meta property=\"og:description\" content=\"C\u0103ut\u0103m provoc\u0103ri, teme noi de design \u0219i arhitectur\u0103, particip\u00e2nd la concursuri na\u021bionale \u0219i interna\u021bionale.\" \/>\n<meta property=\"og:url\" content=\"https:\/\/mamd.ro\/en\/recunoasteri\/\" \/>\n<meta property=\"og:site_name\" content=\"MaMd\" \/>\n<meta property=\"article:publisher\" content=\"https:\/\/www.facebook.com\/MyArchitectMyDesigner\/\" \/>\n<meta property=\"article:modified_time\" content=\"2024-10-19T13:51:28+00:00\" \/>\n<meta property=\"og:image\" content=\"https:\/\/mamd.ro\/wp-content\/uploads\/elementor\/thumbs\/PREMIUL-I-HUB-UAUIM-BUSINESS-phs9wniys21se85ilbxylgwszlohgtxxgvkw5lzjhk.png\" \/>\n<meta name=\"twitter:card\" content=\"summary_large_image\" \/>\n<meta name=\"twitter:label1\" content=\"Est. reading time\" \/>\n\t<meta name=\"twitter:data1\" content=\"3 minutes\" \/>\n<script type=\"application\/ld+json\" class=\"yoast-schema-graph\">{\"@context\":\"https:\\\/\\\/schema.org\",\"@graph\":[{\"@type\":\"WebPage\",\"@id\":\"https:\\\/\\\/mamd.ro\\\/recunoasteri\\\/\",\"url\":\"https:\\\/\\\/mamd.ro\\\/recunoasteri\\\/\",\"name\":\"MaMd - Recunoasteri\",\"isPartOf\":{\"@id\":\"https:\\\/\\\/mamd.ro\\\/#website\"},\"primaryImageOfPage\":{\"@id\":\"https:\\\/\\\/mamd.ro\\\/recunoasteri\\\/#primaryimage\"},\"image\":{\"@id\":\"https:\\\/\\\/mamd.ro\\\/recunoasteri\\\/#primaryimage\"},\"thumbnailUrl\":\"https:\\\/\\\/mamd.ro\\\/wp-content\\\/uploads\\\/elementor\\\/thumbs\\\/PREMIUL-I-HUB-UAUIM-BUSINESS-phs9wniys21se85ilbxylgwszlohgtxxgvkw5lzjhk.png\",\"datePublished\":\"2020-11-01T18:46:09+00:00\",\"dateModified\":\"2024-10-19T13:51:28+00:00\",\"description\":\"C\u0103ut\u0103m provoc\u0103ri, teme noi de design \u0219i arhitectur\u0103, particip\u00e2nd la concursuri na\u021bionale \u0219i interna\u021bionale.\",\"breadcrumb\":{\"@id\":\"https:\\\/\\\/mamd.ro\\\/recunoasteri\\\/#breadcrumb\"},\"inLanguage\":\"en-US\",\"potentialAction\":[{\"@type\":\"ReadAction\",\"target\":[\"https:\\\/\\\/mamd.ro\\\/recunoasteri\\\/\"]}]},{\"@type\":\"ImageObject\",\"inLanguage\":\"en-US\",\"@id\":\"https:\\\/\\\/mamd.ro\\\/recunoasteri\\\/#primaryimage\",\"url\":\"https:\\\/\\\/mamd.ro\\\/wp-content\\\/uploads\\\/elementor\\\/thumbs\\\/PREMIUL-I-HUB-UAUIM-BUSINESS-phs9wniys21se85ilbxylgwszlohgtxxgvkw5lzjhk.png\",\"contentUrl\":\"https:\\\/\\\/mamd.ro\\\/wp-content\\\/uploads\\\/elementor\\\/thumbs\\\/PREMIUL-I-HUB-UAUIM-BUSINESS-phs9wniys21se85ilbxylgwszlohgtxxgvkw5lzjhk.png\"},{\"@type\":\"BreadcrumbList\",\"@id\":\"https:\\\/\\\/mamd.ro\\\/recunoasteri\\\/#breadcrumb\",\"itemListElement\":[{\"@type\":\"ListItem\",\"position\":1,\"name\":\"Home\",\"item\":\"https:\\\/\\\/mamd.ro\\\/\"},{\"@type\":\"ListItem\",\"position\":2,\"name\":\"Recunoasteri\"}]},{\"@type\":\"WebSite\",\"@id\":\"https:\\\/\\\/mamd.ro\\\/#website\",\"url\":\"https:\\\/\\\/mamd.ro\\\/\",\"name\":\"MaMd\",\"description\":\"Practica de arhitectura si passive house design\",\"publisher\":{\"@id\":\"https:\\\/\\\/mamd.ro\\\/#organization\"},\"potentialAction\":[{\"@type\":\"SearchAction\",\"target\":{\"@type\":\"EntryPoint\",\"urlTemplate\":\"https:\\\/\\\/mamd.ro\\\/?s={search_term_string}\"},\"query-input\":{\"@type\":\"PropertyValueSpecification\",\"valueRequired\":true,\"valueName\":\"search_term_string\"}}],\"inLanguage\":\"en-US\"},{\"@type\":\"Organization\",\"@id\":\"https:\\\/\\\/mamd.ro\\\/#organization\",\"name\":\"MaMd\",\"url\":\"https:\\\/\\\/mamd.ro\\\/\",\"logo\":{\"@type\":\"ImageObject\",\"inLanguage\":\"en-US\",\"@id\":\"https:\\\/\\\/mamd.ro\\\/#\\\/schema\\\/logo\\\/image\\\/\",\"url\":\"https:\\\/\\\/mamd.ro\\\/wp-content\\\/uploads\\\/2020\\\/03\\\/MyArchitect-MyDesigner__medium_logo_contract.png\",\"contentUrl\":\"https:\\\/\\\/mamd.ro\\\/wp-content\\\/uploads\\\/2020\\\/03\\\/MyArchitect-MyDesigner__medium_logo_contract.png\",\"width\":150,\"height\":46,\"caption\":\"MaMd\"},\"image\":{\"@id\":\"https:\\\/\\\/mamd.ro\\\/#\\\/schema\\\/logo\\\/image\\\/\"},\"sameAs\":[\"https:\\\/\\\/www.facebook.com\\\/MyArchitectMyDesigner\\\/\",\"https:\\\/\\\/www.instagram.com\\\/mamd.ro\\\/\"]}]}<\/script>\n<!-- \/ Yoast SEO plugin. -->","yoast_head_json":{"title":"MaMd - Recunoasteri","description":"C\u0103ut\u0103m provoc\u0103ri, teme noi de design \u0219i arhitectur\u0103, particip\u00e2nd la concursuri na\u021bionale \u0219i interna\u021bionale.","robots":{"index":"index","follow":"follow","max-snippet":"max-snippet:-1","max-image-preview":"max-image-preview:large","max-video-preview":"max-video-preview:-1"},"canonical":"https:\/\/mamd.ro\/en\/recunoasteri\/","og_locale":"en_US","og_type":"article","og_title":"MaMd - Recunoasteri","og_description":"C\u0103ut\u0103m provoc\u0103ri, teme noi de design \u0219i arhitectur\u0103, particip\u00e2nd la concursuri na\u021bionale \u0219i interna\u021bionale.","og_url":"https:\/\/mamd.ro\/en\/recunoasteri\/","og_site_name":"MaMd","article_publisher":"https:\/\/www.facebook.com\/MyArchitectMyDesigner\/","article_modified_time":"2024-10-19T13:51:28+00:00","og_image":[{"url":"https:\/\/mamd.ro\/wp-content\/uploads\/elementor\/thumbs\/PREMIUL-I-HUB-UAUIM-BUSINESS-phs9wniys21se85ilbxylgwszlohgtxxgvkw5lzjhk.png","type":"","width":"","height":""}],"twitter_card":"summary_large_image","twitter_misc":{"Est. reading time":"3 minutes"},"schema":{"@context":"https:\/\/schema.org","@graph":[{"@type":"WebPage","@id":"https:\/\/mamd.ro\/recunoasteri\/","url":"https:\/\/mamd.ro\/recunoasteri\/","name":"MaMd - Recunoasteri","isPartOf":{"@id":"https:\/\/mamd.ro\/#website"},"primaryImageOfPage":{"@id":"https:\/\/mamd.ro\/recunoasteri\/#primaryimage"},"image":{"@id":"https:\/\/mamd.ro\/recunoasteri\/#primaryimage"},"thumbnailUrl":"https:\/\/mamd.ro\/wp-content\/uploads\/elementor\/thumbs\/PREMIUL-I-HUB-UAUIM-BUSINESS-phs9wniys21se85ilbxylgwszlohgtxxgvkw5lzjhk.png","datePublished":"2020-11-01T18:46:09+00:00","dateModified":"2024-10-19T13:51:28+00:00","description":"C\u0103ut\u0103m provoc\u0103ri, teme noi de design \u0219i arhitectur\u0103, particip\u00e2nd la concursuri na\u021bionale \u0219i interna\u021bionale.","breadcrumb":{"@id":"https:\/\/mamd.ro\/recunoasteri\/#breadcrumb"},"inLanguage":"en-US","potentialAction":[{"@type":"ReadAction","target":["https:\/\/mamd.ro\/recunoasteri\/"]}]},{"@type":"ImageObject","inLanguage":"en-US","@id":"https:\/\/mamd.ro\/recunoasteri\/#primaryimage","url":"https:\/\/mamd.ro\/wp-content\/uploads\/elementor\/thumbs\/PREMIUL-I-HUB-UAUIM-BUSINESS-phs9wniys21se85ilbxylgwszlohgtxxgvkw5lzjhk.png","contentUrl":"https:\/\/mamd.ro\/wp-content\/uploads\/elementor\/thumbs\/PREMIUL-I-HUB-UAUIM-BUSINESS-phs9wniys21se85ilbxylgwszlohgtxxgvkw5lzjhk.png"},{"@type":"BreadcrumbList","@id":"https:\/\/mamd.ro\/recunoasteri\/#breadcrumb","itemListElement":[{"@type":"ListItem","position":1,"name":"Home","item":"https:\/\/mamd.ro\/"},{"@type":"ListItem","position":2,"name":"Recunoasteri"}]},{"@type":"WebSite","@id":"https:\/\/mamd.ro\/#website","url":"https:\/\/mamd.ro\/","name":"MaMd","description":"Practica de arhitectura si passive house design","publisher":{"@id":"https:\/\/mamd.ro\/#organization"},"potentialAction":[{"@type":"SearchAction","target":{"@type":"EntryPoint","urlTemplate":"https:\/\/mamd.ro\/?s={search_term_string}"},"query-input":{"@type":"PropertyValueSpecification","valueRequired":true,"valueName":"search_term_string"}}],"inLanguage":"en-US"},{"@type":"Organization","@id":"https:\/\/mamd.ro\/#organization","name":"MaMd","url":"https:\/\/mamd.ro\/","logo":{"@type":"ImageObject","inLanguage":"en-US","@id":"https:\/\/mamd.ro\/#\/schema\/logo\/image\/","url":"https:\/\/mamd.ro\/wp-content\/uploads\/2020\/03\/MyArchitect-MyDesigner__medium_logo_contract.png","contentUrl":"https:\/\/mamd.ro\/wp-content\/uploads\/2020\/03\/MyArchitect-MyDesigner__medium_logo_contract.png","width":150,"height":46,"caption":"MaMd"},"image":{"@id":"https:\/\/mamd.ro\/#\/schema\/logo\/image\/"},"sameAs":["https:\/\/www.facebook.com\/MyArchitectMyDesigner\/","https:\/\/www.instagram.com\/mamd.ro\/"]}]}},"_links":{"self":[{"href":"http:\/\/mamd.ro\/en\/wp-json\/wp\/v2\/pages\/794","targetHints":{"allow":["GET"]}}],"collection":[{"href":"http:\/\/mamd.ro\/en\/wp-json\/wp\/v2\/pages"}],"about":[{"href":"http:\/\/mamd.ro\/en\/wp-json\/wp\/v2\/types\/page"}],"author":[{"embeddable":true,"href":"http:\/\/mamd.ro\/en\/wp-json\/wp\/v2\/users\/1"}],"replies":[{"embeddable":true,"href":"http:\/\/mamd.ro\/en\/wp-json\/wp\/v2\/comments?post=794"}],"version-history":[{"count":126,"href":"http:\/\/mamd.ro\/en\/wp-json\/wp\/v2\/pages\/794\/revisions"}],"predecessor-version":[{"id":1383,"href":"http:\/\/mamd.ro\/en\/wp-json\/wp\/v2\/pages\/794\/revisions\/1383"}],"wp:attachment":[{"href":"http:\/\/mamd.ro\/en\/wp-json\/wp\/v2\/media?parent=794"}],"curies":[{"name":"wp","href":"https:\/\/api.w.org\/{rel}","templated":true}]}}